{"id":69,"date":"2020-04-25T06:36:32","date_gmt":"2020-04-25T06:36:32","guid":{"rendered":"http:\/\/minelli.de\/?page_id=69"},"modified":"2026-01-01T20:28:31","modified_gmt":"2026-01-01T20:28:31","slug":"lebenslauf","status":"publish","type":"page","link":"https:\/\/minelli.de\/?page_id=69","title":{"rendered":"LEBENSLAUF"},"content":{"rendered":"\r\n<figure class=\"wp-block-image is-resized\"><img loading=\"lazy\" class=\"wp-image-94\" src=\"http:\/\/minelli.de\/wp-content\/uploads\/2020\/04\/foto-profilo.jpg\" alt=\"\" width=\"198\" height=\"245\" srcset=\"https:\/\/minelli.de\/wp-content\/uploads\/2020\/04\/foto-profilo.jpg 542w, https:\/\/minelli.de\/wp-content\/uploads\/2020\/04\/foto-profilo-242x300.jpg 242w\" sizes=\"(max-width: 198px) 100vw, 198px\" \/><\/figure>\r\n\r\n\r\n\r\n<p>I<strong>n K\u00fcrze:\u00a0<\/strong><br \/>Nach dem Studium in Humanmedizin in Siena (Italien) bin ich 1984 nach Deutschland gekommen. In M\u00fcnchen habe ich haupts\u00e4chlich als Assistenzarzt in der Nervenklinik der Ludwig-Maximillians-Universit\u00e4t gearbeitet. Hier habe ich den Facharzt f\u00fcr Psychiatrie erworben und die Zusatzbezeichnung Psychotherapie. Von 1997 bis September 2025 war ich als Psychiater und \u00a0kassenzugelassener Psychotherapeut in einer Privatpraxis in Gilching t\u00e4tig.<\/p>\r\n\r\n\r\n\r\n<ul>\r\n<li>1955 in Viterbo (Italien) geboren<\/li>\r\n<li>1983 Promotion in der Humanmedizin bei der Universit\u00e0 degli Studi di Siena (Italien)<\/li>\r\n<li>1984 Sprachschule in Augsburg u. Freiburg<\/li>\r\n<li>1984 Approbation als Arzt bei der Landes\u00e4rztekammer Stuttgardt<\/li>\r\n<li>1985-1987 wissenschaftliche Hilfskraft an der Psychiatrischen Klinik der\u00a0Ludwig-Maximillians-Universit\u00e4t M\u00fcnchen<\/li>\r\n<li>1987 Assistenzarzt am Bezirkskrankenhaus Kaufbeuren &#8211; Gerontopsychiatrie<\/li>\r\n<li>1988 Arzt am Gesundheitsamt M\u00fcnchen &#8211; Nerven\u00e4rztliche Beratungsstelle<\/li>\r\n<li>1988-1990 Assistenzarzt an der Psychiatrischen Klinik der Ludwig-Maximillians-Universit\u00e4t M\u00fcnchen<\/li>\r\n<li>1991 Assistenzarzt an der neurologischen Klinik \u201cMarianne-Strau\u00df-Klinik\u201d &#8211; Kempfenhausen<\/li>\r\n<li>1992-1993 Assistenzarzt an der Psychiatrischen Klinik der LM-Univ. M\u00fcnchen<\/li>\r\n<li>1993 Facharzt f\u00fcr Psychiatrie &#8211; L\u00c4K M\u00fcnchen<\/li>\r\n<li>1994-1997 private psychiatrische Ambulanz<\/li>\r\n<li>1997 Erwerb des Zusatzbezeichnung Psychotherapie und Kassenzulassung KVB<\/li>\r\n<li>1997- 2025 \u00a0psychotherapeutische &#8211; psychiatrische Praxis in Gilching<\/li>\r\n<\/ul>\r\n","protected":false},"excerpt":{"rendered":"<p>In K\u00fcrze:\u00a0Nach dem Studium in Humanmedizin in Siena (Italien) bin ich 1984 nach Deutschland gekommen. In M\u00fcnchen habe ich haupts\u00e4chlich als Assistenzarzt in der Nervenklinik der Ludwig-Maximillians-Universit\u00e4t gearbeitet. Hier habe ich den Facharzt f\u00fcr Psychiatrie erworben und die Zusatzbezeichnung Psychotherapie. Von 1997 bis September 2025 war ich als Psychiater und \u00a0kassenzugelassener Psychotherapeut in einer Privatpraxis &hellip; <\/p>\n<p class=\"link-more\"><a href=\"https:\/\/minelli.de\/?page_id=69\" class=\"more-link\"><span class=\"screen-reader-text\">\u201eLEBENSLAUF\u201c<\/span> weiterlesen<\/a><\/p>\n","protected":false},"author":1,"featured_media":0,"parent":0,"menu_order":0,"comment_status":"closed","ping_status":"closed","template":"","meta":[],"_links":{"self":[{"href":"https:\/\/minelli.de\/index.php?rest_route=\/wp\/v2\/pages\/69"}],"collection":[{"href":"https:\/\/minelli.de\/index.php?rest_route=\/wp\/v2\/pages"}],"about":[{"href":"https:\/\/minelli.de\/index.php?rest_route=\/wp\/v2\/types\/page"}],"author":[{"embeddable":true,"href":"https:\/\/minelli.de\/index.php?rest_route=\/wp\/v2\/users\/1"}],"replies":[{"embeddable":true,"href":"https:\/\/minelli.de\/index.php?rest_route=%2Fwp%2Fv2%2Fcomments&post=69"}],"version-history":[{"count":11,"href":"https:\/\/minelli.de\/index.php?rest_route=\/wp\/v2\/pages\/69\/revisions"}],"predecessor-version":[{"id":153,"href":"https:\/\/minelli.de\/index.php?rest_route=\/wp\/v2\/pages\/69\/revisions\/153"}],"wp:attachment":[{"href":"https:\/\/minelli.de\/index.php?rest_route=%2Fwp%2Fv2%2Fmedia&parent=69"}],"curies":[{"name":"wp","href":"https:\/\/api.w.org\/{rel}","templated":true}]}}