{"id":44,"date":"2020-04-23T07:08:04","date_gmt":"2020-04-23T07:08:04","guid":{"rendered":"http:\/\/minelli.de\/?page_id=44"},"modified":"2026-01-01T20:27:18","modified_gmt":"2026-01-01T20:27:18","slug":"praxis-dr-med-i-gianni-minelli","status":"publish","type":"page","link":"https:\/\/minelli.de\/","title":{"rendered":"PRAXIS Dr. med. (I) GIANNI MINELLI"},"content":{"rendered":"\r\n\r\n\r\n<p><strong>Facharzt f\u00fcr Psychiatrie &#8211; Psychotherapie (Verhaltenstherapie)<\/strong><\/p>\r\n\r\n\r\n\r\n<p><b>Derzeit aus Altersgr\u00fcnden au\u00dfer Dienst<\/b><\/p>\r\n<p><strong><br \/>E-mail:\u00a0<\/strong><a href=\"mailto:dr@minelli.de\"><strong>dr@minelli.de<\/strong><\/a><\/p>\r\n\r\n\r\n\r\n\r\n\r\n<p>&nbsp;<\/p>\r\n\r\n\r\n\r\n\r\n\r\n<p>&nbsp;<\/p>\r\n<p><strong><span style=\"color: #339966;\">&#8212;&gt; Aus Altersgr\u00fcnden wurde wurde 2025 die Praxis in Gilching geschlossen. \u00a0Neue Patienten k\u00f6nnen daher nicht in die Therapie aufgenommen werden.<\/span><\/strong><\/p>\r\n<p>&nbsp;<\/p>\r\n<p>Mitglied AMSIT e.V. \u00a0 \u00a0 \u00a0 \u00a0<a href=\"http:\/\/www.amsit.net\" target=\"_blank\" rel=\"noopener noreferrer\"><img loading=\"lazy\" class=\"alignnone  wp-image-97\" src=\"http:\/\/minelli.de\/wp-content\/uploads\/2020\/04\/logo_serpenti-237x300.gif\" alt=\"\" width=\"53\" height=\"67\" \/><\/a> \u00a0<\/p>\r\n","protected":false},"excerpt":{"rendered":"<p>Facharzt f\u00fcr Psychiatrie &#8211; Psychotherapie (Verhaltenstherapie) Derzeit aus Altersgr\u00fcnden au\u00dfer Dienst E-mail:\u00a0dr@minelli.de &nbsp; &nbsp; &#8212;&gt; Aus Altersgr\u00fcnden wurde wurde 2025 die Praxis in Gilching geschlossen. \u00a0Neue Patienten k\u00f6nnen daher nicht in die Therapie aufgenommen werden. &nbsp; Mitglied AMSIT e.V. \u00a0 \u00a0 \u00a0 \u00a0 \u00a0<\/p>\n","protected":false},"author":1,"featured_media":0,"parent":0,"menu_order":0,"comment_status":"closed","ping_status":"closed","template":"","meta":[],"_links":{"self":[{"href":"https:\/\/minelli.de\/index.php?rest_route=\/wp\/v2\/pages\/44"}],"collection":[{"href":"https:\/\/minelli.de\/index.php?rest_route=\/wp\/v2\/pages"}],"about":[{"href":"https:\/\/minelli.de\/index.php?rest_route=\/wp\/v2\/types\/page"}],"author":[{"embeddable":true,"href":"https:\/\/minelli.de\/index.php?rest_route=\/wp\/v2\/users\/1"}],"replies":[{"embeddable":true,"href":"https:\/\/minelli.de\/index.php?rest_route=%2Fwp%2Fv2%2Fcomments&post=44"}],"version-history":[{"count":14,"href":"https:\/\/minelli.de\/index.php?rest_route=\/wp\/v2\/pages\/44\/revisions"}],"predecessor-version":[{"id":152,"href":"https:\/\/minelli.de\/index.php?rest_route=\/wp\/v2\/pages\/44\/revisions\/152"}],"wp:attachment":[{"href":"https:\/\/minelli.de\/index.php?rest_route=%2Fwp%2Fv2%2Fmedia&parent=44"}],"curies":[{"name":"wp","href":"https:\/\/api.w.org\/{rel}","templated":true}]}}